{"id":17,"date":"2023-11-13T18:54:45","date_gmt":"2023-11-13T17:54:45","guid":{"rendered":"https:\/\/www.bonhivers.com\/?page_id=17"},"modified":"2024-02-04T17:54:51","modified_gmt":"2024-02-04T16:54:51","slug":"mentions-legales","status":"publish","type":"page","link":"https:\/\/www.bonhivers.com\/fr\/mentions-legales\/","title":{"rendered":"Mentions L\u00e9gales"},"content":{"rendered":"\t\t<div data-elementor-type=\"wp-page\" data-elementor-id=\"17\" class=\"elementor elementor-17\" data-elementor-post-type=\"page\">\n\t\t\t\t<div class=\"elementor-element elementor-element-35697e6 e-flex e-con-boxed e-con e-parent\" data-id=\"35697e6\" data-element_type=\"container\" data-e-type=\"container\" data-settings=\"{&quot;background_background&quot;:&quot;slideshow&quot;,&quot;background_slideshow_gallery&quot;:[{&quot;id&quot;:1443,&quot;url&quot;:&quot;https:\\\/\\\/www.bonhivers.com\\\/wp-content\\\/uploads\\\/2023\\\/12\\\/bonhivers-tervueren.jpg&quot;}],&quot;background_slideshow_slide_duration&quot;:5000,&quot;background_slideshow_slide_transition&quot;:&quot;fade&quot;,&quot;background_slideshow_transition_duration&quot;:500}\">\n\t\t\t\t\t<div class=\"e-con-inner\">\n\t\t<div class=\"elementor-element elementor-element-674e749 e-con-full e-flex e-con e-child\" data-id=\"674e749\" data-element_type=\"container\" data-e-type=\"container\">\n\t\t\t\t<div class=\"elementor-element elementor-element-4e1fb26 elementor-widget elementor-widget-spacer\" data-id=\"4e1fb26\" data-element_type=\"widget\" data-e-type=\"widget\" data-widget_type=\"spacer.default\">\n\t\t\t\t<div class=\"elementor-widget-container\">\n\t\t\t\t\t\t\t<div class=\"elementor-spacer\">\n\t\t\t<div class=\"elementor-spacer-inner\"><\/div>\n\t\t<\/div>\n\t\t\t\t\t\t<\/div>\n\t\t\t\t<\/div>\n\t\t\t\t<\/div>\n\t\t\t\t\t<\/div>\n\t\t\t\t<\/div>\n\t\t<div class=\"elementor-element elementor-element-3be498d e-flex e-con-boxed e-con e-parent\" data-id=\"3be498d\" data-element_type=\"container\" data-e-type=\"container\">\n\t\t\t\t\t<div class=\"e-con-inner\">\n\t\t<div class=\"elementor-element elementor-element-eae9d6c e-flex e-con-boxed e-con e-child\" data-id=\"eae9d6c\" data-element_type=\"container\" data-e-type=\"container\">\n\t\t\t\t\t<div class=\"e-con-inner\">\n\t\t\t\t<div class=\"elementor-element elementor-element-3fb554a elementor-invisible elementor-widget elementor-widget-heading\" data-id=\"3fb554a\" data-element_type=\"widget\" data-e-type=\"widget\" data-settings=\"{&quot;_animation&quot;:&quot;fadeInLeft&quot;}\" data-widget_type=\"heading.default\">\n\t\t\t\t<div class=\"elementor-widget-container\">\n\t\t\t\t\t<h1 class=\"elementor-heading-title elementor-size-default\">Mentions l\u00e9gales<\/h1>\t\t\t\t<\/div>\n\t\t\t\t<\/div>\n\t\t\t\t<div class=\"elementor-element elementor-element-f7bd72e elementor-hidden-tablet elementor-hidden-mobile elementor-widget-divider--view-line elementor-invisible elementor-widget elementor-widget-divider\" data-id=\"f7bd72e\" data-element_type=\"widget\" data-e-type=\"widget\" data-settings=\"{&quot;_animation&quot;:&quot;zoomInRight&quot;}\" data-widget_type=\"divider.default\">\n\t\t\t\t<div class=\"elementor-widget-container\">\n\t\t\t\t\t\t\t<div class=\"elementor-divider\">\n\t\t\t<span class=\"elementor-divider-separator\">\n\t\t\t\t\t\t<\/span>\n\t\t<\/div>\n\t\t\t\t\t\t<\/div>\n\t\t\t\t<\/div>\n\t\t\t\t\t<\/div>\n\t\t\t\t<\/div>\n\t\t\t\t\t<\/div>\n\t\t\t\t<\/div>\n\t\t<div class=\"elementor-element elementor-element-b3b8c4f e-flex e-con-boxed e-con e-parent\" data-id=\"b3b8c4f\" data-element_type=\"container\" data-e-type=\"container\">\n\t\t\t\t\t<div class=\"e-con-inner\">\n\t\t<div class=\"elementor-element elementor-element-8f4efb0 e-flex e-con-boxed e-con e-child\" data-id=\"8f4efb0\" data-element_type=\"container\" data-e-type=\"container\">\n\t\t\t\t\t<div class=\"e-con-inner\">\n\t\t\t\t<div class=\"elementor-element elementor-element-76c955c elementor-widget elementor-widget-text-editor\" data-id=\"76c955c\" data-element_type=\"widget\" data-e-type=\"widget\" data-widget_type=\"text-editor.default\">\n\t\t\t\t<div class=\"elementor-widget-container\">\n\t\t\t\t\t\t\t\t\t<p>Le cabinet \u00ab BONHIVERS \u2013 Avocats \u2013 Advocaten \u2013 Lawyers \u00bb est constitu\u00e9 sous la forme d\u2019une soci\u00e9t\u00e9 simple (sans personnalit\u00e9 juridique), inscrite \u00e0 la BCE sous le n\u00b0 0726.424.387, et dont le si\u00e8ge social est situ\u00e9 \u00e0 1150 Bruxelles, avenue de Tervueren, 273 (ci-apr\u00e8s le \u00ab cabinet Bonhivers \u00bb). Ses associ\u00e9s et g\u00e9rants sont la SRL Bonhivers et la SRL Cyrille Barette-avocat. \n\n<p>Ce site internet et son contenu sont la propri\u00e9t\u00e9 du cabinet Bonhivers. Les noms, logos et images sont la propri\u00e9t\u00e9 du cabinet Bonhivers et ne peuvent \u00eatre utilis\u00e9s ou reproduits, de quelque mani\u00e8re que ce soit.\n\n<p>Ce site internet, en ce compris les pr\u00e9sentes mentions l\u00e9gales, est soumis au droit belge. Les juridictions belges sont seules comp\u00e9tentes en cas de litige li\u00e9 au site.\n\n<p>Le cabinet Bonhivers attire l\u2019attention de l\u2019utilisateur sur le fait que le site internet, ses mentions l\u00e9gales et les conditions g\u00e9n\u00e9rales peuvent \u00eatre adapt\u00e9s et modifi\u00e9s \u00e0 intervalles r\u00e9guliers.\t\t\t\t\t\t\t\t<\/div>\n\t\t\t\t<\/div>\n\t\t\t\t<div class=\"elementor-element elementor-element-2101706 elementor-widget-divider--view-line elementor-widget elementor-widget-divider\" data-id=\"2101706\" data-element_type=\"widget\" data-e-type=\"widget\" data-widget_type=\"divider.default\">\n\t\t\t\t<div class=\"elementor-widget-container\">\n\t\t\t\t\t\t\t<div class=\"elementor-divider\">\n\t\t\t<span class=\"elementor-divider-separator\">\n\t\t\t\t\t\t<\/span>\n\t\t<\/div>\n\t\t\t\t\t\t<\/div>\n\t\t\t\t<\/div>\n\t\t\t\t\t<\/div>\n\t\t\t\t<\/div>\n\t\t\t\t\t<\/div>\n\t\t\t\t<\/div>\n\t\t\t\t<\/div>\n\t\t","protected":false},"excerpt":{"rendered":"<p>Mentions l\u00e9gales Le cabinet \u00ab BONHIVERS \u2013 Avocats \u2013 Advocaten \u2013 Lawyers \u00bb est constitu\u00e9 sous la forme d\u2019une soci\u00e9t\u00e9 simple (sans personnalit\u00e9 juridique), inscrite \u00e0 la BCE sous le n\u00b0 0726.424.387, et dont le si\u00e8ge social est situ\u00e9 \u00e0 1150 Bruxelles, avenue de Tervueren, 273 (ci-apr\u00e8s le \u00ab cabinet Bonhivers \u00bb). Ses associ\u00e9s et [&hellip;]<\/p>\n","protected":false},"author":1,"featured_media":0,"parent":0,"menu_order":0,"comment_status":"closed","ping_status":"closed","template":"","meta":{"_monsterinsights_skip_tracking":false,"_monsterinsights_sitenote_active":false,"_monsterinsights_sitenote_note":"","_monsterinsights_sitenote_category":0,"footnotes":""},"class_list":["post-17","page","type-page","status-publish","hentry"],"_links":{"self":[{"href":"https:\/\/www.bonhivers.com\/fr\/wp-json\/wp\/v2\/pages\/17","targetHints":{"allow":["GET"]}}],"collection":[{"href":"https:\/\/www.bonhivers.com\/fr\/wp-json\/wp\/v2\/pages"}],"about":[{"href":"https:\/\/www.bonhivers.com\/fr\/wp-json\/wp\/v2\/types\/page"}],"author":[{"embeddable":true,"href":"https:\/\/www.bonhivers.com\/fr\/wp-json\/wp\/v2\/users\/1"}],"replies":[{"embeddable":true,"href":"https:\/\/www.bonhivers.com\/fr\/wp-json\/wp\/v2\/comments?post=17"}],"version-history":[{"count":5,"href":"https:\/\/www.bonhivers.com\/fr\/wp-json\/wp\/v2\/pages\/17\/revisions"}],"predecessor-version":[{"id":3027,"href":"https:\/\/www.bonhivers.com\/fr\/wp-json\/wp\/v2\/pages\/17\/revisions\/3027"}],"wp:attachment":[{"href":"https:\/\/www.bonhivers.com\/fr\/wp-json\/wp\/v2\/media?parent=17"}],"curies":[{"name":"wp","href":"https:\/\/api.w.org\/{rel}","templated":true}]}}