{"id":28,"date":"2023-11-13T19:00:04","date_gmt":"2023-11-13T18:00:04","guid":{"rendered":"https:\/\/www.bonhivers.com\/?page_id=28"},"modified":"2024-02-06T21:02:09","modified_gmt":"2024-02-06T20:02:09","slug":"nedji-caicco","status":"publish","type":"page","link":"https:\/\/www.bonhivers.com\/fr\/une-equipe-efficace\/nedji-caicco\/","title":{"rendered":"Nedji Caicco"},"content":{"rendered":"\t\t<div data-elementor-type=\"wp-page\" data-elementor-id=\"28\" class=\"elementor elementor-28\" data-elementor-post-type=\"page\">\n\t\t\t\t<div class=\"elementor-element elementor-element-65fac1f e-flex e-con-boxed e-con e-parent\" data-id=\"65fac1f\" data-element_type=\"container\" data-e-type=\"container\" data-settings=\"{&quot;background_background&quot;:&quot;slideshow&quot;,&quot;background_slideshow_gallery&quot;:[{&quot;id&quot;:57,&quot;url&quot;:&quot;https:\\\/\\\/www.bonhivers.com\\\/wp-content\\\/uploads\\\/2023\\\/11\\\/avocats-bonhivers-toge-2-325.jpg&quot;}],&quot;background_slideshow_slide_duration&quot;:5000,&quot;background_slideshow_slide_transition&quot;:&quot;fade&quot;,&quot;background_slideshow_transition_duration&quot;:500}\">\n\t\t\t\t\t<div class=\"e-con-inner\">\n\t\t<div class=\"elementor-element elementor-element-24cca9d e-con-full e-flex e-con e-child\" data-id=\"24cca9d\" data-element_type=\"container\" data-e-type=\"container\">\n\t\t\t\t<div class=\"elementor-element elementor-element-a6d97ca elementor-widget elementor-widget-spacer\" data-id=\"a6d97ca\" data-element_type=\"widget\" data-e-type=\"widget\" data-widget_type=\"spacer.default\">\n\t\t\t\t<div class=\"elementor-widget-container\">\n\t\t\t\t\t\t\t<div class=\"elementor-spacer\">\n\t\t\t<div class=\"elementor-spacer-inner\"><\/div>\n\t\t<\/div>\n\t\t\t\t\t\t<\/div>\n\t\t\t\t<\/div>\n\t\t\t\t<\/div>\n\t\t\t\t\t<\/div>\n\t\t\t\t<\/div>\n\t\t<div class=\"elementor-element elementor-element-f42bccc e-flex e-con-boxed e-con e-parent\" data-id=\"f42bccc\" data-element_type=\"container\" data-e-type=\"container\">\n\t\t\t\t\t<div class=\"e-con-inner\">\n\t\t<div class=\"elementor-element elementor-element-15f445c e-flex e-con-boxed e-con e-child\" data-id=\"15f445c\" data-element_type=\"container\" data-e-type=\"container\">\n\t\t\t\t\t<div class=\"e-con-inner\">\n\t\t\t\t<div class=\"elementor-element elementor-element-c963ddd elementor-invisible elementor-widget elementor-widget-heading\" data-id=\"c963ddd\" data-element_type=\"widget\" data-e-type=\"widget\" data-settings=\"{&quot;_animation&quot;:&quot;fadeInLeft&quot;}\" data-widget_type=\"heading.default\">\n\t\t\t\t<div class=\"elementor-widget-container\">\n\t\t\t\t\t<h1 class=\"elementor-heading-title elementor-size-default\">Nedji Caicco<\/h1>\t\t\t\t<\/div>\n\t\t\t\t<\/div>\n\t\t\t\t<div class=\"elementor-element elementor-element-353ddde elementor-hidden-tablet elementor-hidden-mobile elementor-widget-divider--view-line elementor-invisible elementor-widget elementor-widget-divider\" data-id=\"353ddde\" data-element_type=\"widget\" data-e-type=\"widget\" data-settings=\"{&quot;_animation&quot;:&quot;zoomInRight&quot;}\" data-widget_type=\"divider.default\">\n\t\t\t\t<div class=\"elementor-widget-container\">\n\t\t\t\t\t\t\t<div class=\"elementor-divider\">\n\t\t\t<span class=\"elementor-divider-separator\">\n\t\t\t\t\t\t<\/span>\n\t\t<\/div>\n\t\t\t\t\t\t<\/div>\n\t\t\t\t<\/div>\n\t\t\t\t\t<\/div>\n\t\t\t\t<\/div>\n\t\t\t\t\t<\/div>\n\t\t\t\t<\/div>\n\t\t<div class=\"elementor-element elementor-element-dbe8097 e-flex e-con-boxed e-con e-parent\" data-id=\"dbe8097\" data-element_type=\"container\" data-e-type=\"container\" data-settings=\"{&quot;background_background&quot;:&quot;classic&quot;}\">\n\t\t\t\t\t<div class=\"e-con-inner\">\n\t\t\t\t<div class=\"elementor-element elementor-element-aeefc44 elementor-widget elementor-widget-text-editor\" data-id=\"aeefc44\" data-element_type=\"widget\" data-e-type=\"widget\" data-widget_type=\"text-editor.default\">\n\t\t\t\t<div class=\"elementor-widget-container\">\n\t\t\t\t\t\t\t\t\t<a href=\"mailto:caicco@bonhivers.com\">caicco@bonhivers.com<\/a> \u2013 [FR-EN-IT]\t\t\t\t\t\t\t\t<\/div>\n\t\t\t\t<\/div>\n\t\t\t\t\t<\/div>\n\t\t\t\t<\/div>\n\t\t<div class=\"elementor-element elementor-element-f8b4bf0 e-flex e-con-boxed e-con e-parent\" data-id=\"f8b4bf0\" data-element_type=\"container\" data-e-type=\"container\" data-settings=\"{&quot;background_background&quot;:&quot;classic&quot;,&quot;shape_divider_bottom&quot;:&quot;opacity-tilt&quot;,&quot;shape_divider_top&quot;:&quot;opacity-tilt&quot;}\">\n\t\t\t\t\t<div class=\"e-con-inner\">\n\t\t\t\t<div class=\"elementor-shape elementor-shape-top\" aria-hidden=\"true\" data-negative=\"false\">\n\t\t\t<svg xmlns=\"http:\/\/www.w3.org\/2000\/svg\" viewBox=\"0 0 2600 131.1\" preserveAspectRatio=\"none\">\n\t<path class=\"elementor-shape-fill\" d=\"M0 0L2600 0 2600 69.1 0 0z\"\/>\n\t<path class=\"elementor-shape-fill\" style=\"opacity:0.5\" d=\"M0 0L2600 0 2600 69.1 0 69.1z\"\/>\n\t<path class=\"elementor-shape-fill\" style=\"opacity:0.25\" d=\"M2600 0L0 0 0 130.1 2600 69.1z\"\/>\n<\/svg>\t\t<\/div>\n\t\t\t\t<div class=\"elementor-shape elementor-shape-bottom\" aria-hidden=\"true\" data-negative=\"false\">\n\t\t\t<svg xmlns=\"http:\/\/www.w3.org\/2000\/svg\" viewBox=\"0 0 2600 131.1\" preserveAspectRatio=\"none\">\n\t<path class=\"elementor-shape-fill\" d=\"M0 0L2600 0 2600 69.1 0 0z\"\/>\n\t<path class=\"elementor-shape-fill\" style=\"opacity:0.5\" d=\"M0 0L2600 0 2600 69.1 0 69.1z\"\/>\n\t<path class=\"elementor-shape-fill\" style=\"opacity:0.25\" d=\"M2600 0L0 0 0 130.1 2600 69.1z\"\/>\n<\/svg>\t\t<\/div>\n\t\t<div class=\"elementor-element elementor-element-6f65778 e-con-full e-flex e-con e-child\" data-id=\"6f65778\" data-element_type=\"container\" data-e-type=\"container\">\n\t\t\t\t<div class=\"elementor-element elementor-element-ce4ab60 elementor-widget elementor-widget-image\" data-id=\"ce4ab60\" data-element_type=\"widget\" data-e-type=\"widget\" data-widget_type=\"image.default\">\n\t\t\t\t<div class=\"elementor-widget-container\">\n\t\t\t\t\t\t\t\t\t\t\t\t\t\t\t<img fetchpriority=\"high\" decoding=\"async\" width=\"500\" height=\"750\" src=\"https:\/\/www.bonhivers.com\/wp-content\/uploads\/2023\/12\/nedji-caicco-cabinet-bonhivers.jpg\" class=\"attachment-large size-large wp-image-1078\" alt=\"Cabinet Bonhivers :: Nedji Caicco :: Avocat\" srcset=\"https:\/\/www.bonhivers.com\/wp-content\/uploads\/2023\/12\/nedji-caicco-cabinet-bonhivers.jpg 500w, https:\/\/www.bonhivers.com\/wp-content\/uploads\/2023\/12\/nedji-caicco-cabinet-bonhivers-200x300.jpg 200w\" sizes=\"(max-width: 500px) 100vw, 500px\" title=\"\">\t\t\t\t\t\t\t\t\t\t\t\t\t\t\t<\/div>\n\t\t\t\t<\/div>\n\t\t\t\t<\/div>\n\t\t<div class=\"elementor-element elementor-element-2f2ca2a e-con-full e-flex e-con e-child\" data-id=\"2f2ca2a\" data-element_type=\"container\" data-e-type=\"container\">\n\t\t\t\t<div class=\"elementor-element elementor-element-8c1b3fc elementor-widget elementor-widget-heading\" data-id=\"8c1b3fc\" data-element_type=\"widget\" data-e-type=\"widget\" data-widget_type=\"heading.default\">\n\t\t\t\t<div class=\"elementor-widget-container\">\n\t\t\t\t\t<h2 class=\"elementor-heading-title elementor-size-default\">Avocate sp\u00e9cialis\u00e9e en droit des soci\u00e9t\u00e9s, droit fiscal et droit immobilier.<\/h2>\t\t\t\t<\/div>\n\t\t\t\t<\/div>\n\t\t\t\t<div class=\"elementor-element elementor-element-61e5647 elementor-widget elementor-widget-text-editor\" data-id=\"61e5647\" data-element_type=\"widget\" data-e-type=\"widget\" data-widget_type=\"text-editor.default\">\n\t\t\t\t<div class=\"elementor-widget-container\">\n\t\t\t\t\t\t\t\t\t<p>Collaboratrice du cabinet et membre du barreau de Bruxelles depuis 2012, cette excellente juriste vive, souriante et tr\u00e8s r\u00e9active, allie l\u2019efficacit\u00e9 \u00e0 la finesse et \u00e0 la perspicacit\u00e9.\n\n<p>Elle exerce son exp\u00e9rience \u00e9prouv\u00e9e dans le traitement de litiges fiscaux, civils et commerciaux, notamment :\n<p><ul>\n \t<li><strong>En droit de l\u2019immobilier<\/strong> : elle conseille et assiste les clients dans le cadre de transactions immobili\u00e8res, r\u00e9daction de contrats tels que les baux commerciaux et les baux d\u2019habitation, l\u2019achat-vente, l\u2019usufruit, l\u2019emphyt\u00e9ose et la propri\u00e9t\u00e9 superficiaire, etc. Elle assiste \u00e9galement les entreprises et les particuliers dans le cadre de litiges devant les tribunaux et lors de n\u00e9gociations.<\/li><br>\n \t<li><strong>En droit des soci\u00e9t\u00e9s\/entreprises<\/strong> : elle assiste les clients dans le cadre de n\u00e9gociation de transactions (fonds de commerce\/acquisition et cession de soci\u00e9t\u00e9s), r\u00e9daction de contrats de collaboration, etc. Elle les conseille \u00e9galement concernant la structure des soci\u00e9t\u00e9s (notamment conventions d\u2019actionnaires ou conflits entre des actionnaires), elle r\u00e9dige des consultations sur les \u00ab&nbsp;contrats commerciaux&nbsp;\u00bb et les assiste dans les proc\u00e9dures judiciaires.<\/li><br>\n \t<li><strong>En droit fiscal<\/strong> : elle conseille les clients dans diverses mati\u00e8res (imp\u00f4t sur le revenu, imp\u00f4t des soci\u00e9t\u00e9s, droits d\u2019enregistrement et de succession), elle les assiste en cas de contestation de l\u2019administration fiscale, tant dans des proc\u00e9dures administratives que judiciaires, elle les aide \u00e0 demander des d\u00e9cisions (rulings) au Service des d\u00e9cisions anticip\u00e9es afin de s\u00e9curiser leurs op\u00e9rations. Elle assiste \u00e9galement les clients dans le cadre de planifications patrimoniales, successorales et de cession d\u2019entreprise familiale.<\/li>\n<\/ul>\n&nbsp;\n<ul>\n \t<li>Master en droit, UCL, 2010.<\/li>\n \t<li>Master compl\u00e9mentaire en droit fiscal, UCL, 2011.<\/li>\n \t<li>Publication dans la Revue trimestrielle de droit fiscal italien\n\u00ab&nbsp;Rivista trimestriel di diritto tributario&nbsp;\u00bb avec Me Jacques Autenne : \u00ab&nbsp;Il diritto fiscale Belga alla Luce della conventionne europea dei diritti dell\u2019uomo&nbsp;\u00bb (\u00ab&nbsp;Le droit fiscal belge \u00e0 la lumi\u00e8re de la convention europ\u00e9enne des droits de l\u2019homme&nbsp;\u00bb).<\/li>\n<\/ul>\t\t\t\t\t\t\t\t<\/div>\n\t\t\t\t<\/div>\n\t\t\t\t<\/div>\n\t\t\t\t\t<\/div>\n\t\t\t\t<\/div>\n\t\t\t\t<\/div>\n\t\t","protected":false},"excerpt":{"rendered":"<p>Nedji Caicco caicco@bonhivers.com \u2013 [FR-EN-IT] Avocate sp\u00e9cialis\u00e9e en droit des soci\u00e9t\u00e9s, droit fiscal et droit immobilier. Collaboratrice du cabinet et membre du barreau de Bruxelles depuis 2012, cette excellente juriste vive, souriante et tr\u00e8s r\u00e9active, allie l\u2019efficacit\u00e9 \u00e0 la finesse et \u00e0 la perspicacit\u00e9. Elle exerce son exp\u00e9rience \u00e9prouv\u00e9e dans le traitement de litiges fiscaux, [&hellip;]<\/p>\n","protected":false},"author":1,"featured_media":0,"parent":22,"menu_order":0,"comment_status":"closed","ping_status":"closed","template":"","meta":{"_monsterinsights_skip_tracking":false,"_monsterinsights_sitenote_active":false,"_monsterinsights_sitenote_note":"","_monsterinsights_sitenote_category":0,"footnotes":""},"class_list":["post-28","page","type-page","status-publish","hentry"],"_links":{"self":[{"href":"https:\/\/www.bonhivers.com\/fr\/wp-json\/wp\/v2\/pages\/28","targetHints":{"allow":["GET"]}}],"collection":[{"href":"https:\/\/www.bonhivers.com\/fr\/wp-json\/wp\/v2\/pages"}],"about":[{"href":"https:\/\/www.bonhivers.com\/fr\/wp-json\/wp\/v2\/types\/page"}],"author":[{"embeddable":true,"href":"https:\/\/www.bonhivers.com\/fr\/wp-json\/wp\/v2\/users\/1"}],"replies":[{"embeddable":true,"href":"https:\/\/www.bonhivers.com\/fr\/wp-json\/wp\/v2\/comments?post=28"}],"version-history":[{"count":5,"href":"https:\/\/www.bonhivers.com\/fr\/wp-json\/wp\/v2\/pages\/28\/revisions"}],"predecessor-version":[{"id":3076,"href":"https:\/\/www.bonhivers.com\/fr\/wp-json\/wp\/v2\/pages\/28\/revisions\/3076"}],"up":[{"embeddable":true,"href":"https:\/\/www.bonhivers.com\/fr\/wp-json\/wp\/v2\/pages\/22"}],"wp:attachment":[{"href":"https:\/\/www.bonhivers.com\/fr\/wp-json\/wp\/v2\/media?parent=28"}],"curies":[{"name":"wp","href":"https:\/\/api.w.org\/{rel}","templated":true}]}}