{"id":30,"date":"2023-11-13T19:00:31","date_gmt":"2023-11-13T18:00:31","guid":{"rendered":"https:\/\/www.bonhivers.com\/?page_id=30"},"modified":"2024-02-06T21:01:28","modified_gmt":"2024-02-06T20:01:28","slug":"laure-bertrand","status":"publish","type":"page","link":"https:\/\/www.bonhivers.com\/fr\/une-equipe-efficace\/laure-bertrand\/","title":{"rendered":"Laure Bertrand"},"content":{"rendered":"\t\t<div data-elementor-type=\"wp-page\" data-elementor-id=\"30\" class=\"elementor elementor-30\" data-elementor-post-type=\"page\">\n\t\t\t\t<div class=\"elementor-element elementor-element-01881ea e-flex e-con-boxed e-con e-parent\" data-id=\"01881ea\" data-element_type=\"container\" data-e-type=\"container\" data-settings=\"{&quot;background_background&quot;:&quot;slideshow&quot;,&quot;background_slideshow_gallery&quot;:[{&quot;id&quot;:57,&quot;url&quot;:&quot;https:\\\/\\\/www.bonhivers.com\\\/wp-content\\\/uploads\\\/2023\\\/11\\\/avocats-bonhivers-toge-2-325.jpg&quot;}],&quot;background_slideshow_slide_duration&quot;:5000,&quot;background_slideshow_slide_transition&quot;:&quot;fade&quot;,&quot;background_slideshow_transition_duration&quot;:500}\">\n\t\t\t\t\t<div class=\"e-con-inner\">\n\t\t<div class=\"elementor-element elementor-element-01c2d98 e-con-full e-flex e-con e-child\" data-id=\"01c2d98\" data-element_type=\"container\" data-e-type=\"container\">\n\t\t\t\t<div class=\"elementor-element elementor-element-52366fa elementor-widget elementor-widget-spacer\" data-id=\"52366fa\" data-element_type=\"widget\" data-e-type=\"widget\" data-widget_type=\"spacer.default\">\n\t\t\t\t<div class=\"elementor-widget-container\">\n\t\t\t\t\t\t\t<div class=\"elementor-spacer\">\n\t\t\t<div class=\"elementor-spacer-inner\"><\/div>\n\t\t<\/div>\n\t\t\t\t\t\t<\/div>\n\t\t\t\t<\/div>\n\t\t\t\t<\/div>\n\t\t\t\t\t<\/div>\n\t\t\t\t<\/div>\n\t\t<div class=\"elementor-element elementor-element-63ba83d e-flex e-con-boxed e-con e-parent\" data-id=\"63ba83d\" data-element_type=\"container\" data-e-type=\"container\">\n\t\t\t\t\t<div class=\"e-con-inner\">\n\t\t<div class=\"elementor-element elementor-element-75713af e-flex e-con-boxed e-con e-child\" data-id=\"75713af\" data-element_type=\"container\" data-e-type=\"container\">\n\t\t\t\t\t<div class=\"e-con-inner\">\n\t\t\t\t<div class=\"elementor-element elementor-element-250d1e0 elementor-invisible elementor-widget elementor-widget-heading\" data-id=\"250d1e0\" data-element_type=\"widget\" data-e-type=\"widget\" data-settings=\"{&quot;_animation&quot;:&quot;fadeInLeft&quot;}\" data-widget_type=\"heading.default\">\n\t\t\t\t<div class=\"elementor-widget-container\">\n\t\t\t\t\t<h1 class=\"elementor-heading-title elementor-size-default\">Laure Bertrand<\/h1>\t\t\t\t<\/div>\n\t\t\t\t<\/div>\n\t\t\t\t<div class=\"elementor-element elementor-element-64c59ca elementor-hidden-tablet elementor-hidden-mobile elementor-widget-divider--view-line elementor-invisible elementor-widget elementor-widget-divider\" data-id=\"64c59ca\" data-element_type=\"widget\" data-e-type=\"widget\" data-settings=\"{&quot;_animation&quot;:&quot;zoomInRight&quot;}\" data-widget_type=\"divider.default\">\n\t\t\t\t<div class=\"elementor-widget-container\">\n\t\t\t\t\t\t\t<div class=\"elementor-divider\">\n\t\t\t<span class=\"elementor-divider-separator\">\n\t\t\t\t\t\t<\/span>\n\t\t<\/div>\n\t\t\t\t\t\t<\/div>\n\t\t\t\t<\/div>\n\t\t\t\t\t<\/div>\n\t\t\t\t<\/div>\n\t\t\t\t\t<\/div>\n\t\t\t\t<\/div>\n\t\t<div class=\"elementor-element elementor-element-ab66bf9 e-flex e-con-boxed e-con e-parent\" data-id=\"ab66bf9\" data-element_type=\"container\" data-e-type=\"container\" data-settings=\"{&quot;background_background&quot;:&quot;classic&quot;}\">\n\t\t\t\t\t<div class=\"e-con-inner\">\n\t\t\t\t<div class=\"elementor-element elementor-element-085af65 elementor-widget elementor-widget-text-editor\" data-id=\"085af65\" data-element_type=\"widget\" data-e-type=\"widget\" data-widget_type=\"text-editor.default\">\n\t\t\t\t<div class=\"elementor-widget-container\">\n\t\t\t\t\t\t\t\t\t<a href=\"mailto:bertrand@bonhivers.com\">bertrand@bonhivers.com<\/a> \u2013 [FR-NL-EN]\t\t\t\t\t\t\t\t<\/div>\n\t\t\t\t<\/div>\n\t\t\t\t\t<\/div>\n\t\t\t\t<\/div>\n\t\t<div class=\"elementor-element elementor-element-69321f3 e-flex e-con-boxed e-con e-parent\" data-id=\"69321f3\" data-element_type=\"container\" data-e-type=\"container\" data-settings=\"{&quot;background_background&quot;:&quot;classic&quot;,&quot;shape_divider_bottom&quot;:&quot;opacity-tilt&quot;,&quot;shape_divider_top&quot;:&quot;opacity-tilt&quot;}\">\n\t\t\t\t\t<div class=\"e-con-inner\">\n\t\t\t\t<div class=\"elementor-shape elementor-shape-top\" aria-hidden=\"true\" data-negative=\"false\">\n\t\t\t<svg xmlns=\"http:\/\/www.w3.org\/2000\/svg\" viewBox=\"0 0 2600 131.1\" preserveAspectRatio=\"none\">\n\t<path class=\"elementor-shape-fill\" d=\"M0 0L2600 0 2600 69.1 0 0z\"\/>\n\t<path class=\"elementor-shape-fill\" style=\"opacity:0.5\" d=\"M0 0L2600 0 2600 69.1 0 69.1z\"\/>\n\t<path class=\"elementor-shape-fill\" style=\"opacity:0.25\" d=\"M2600 0L0 0 0 130.1 2600 69.1z\"\/>\n<\/svg>\t\t<\/div>\n\t\t\t\t<div class=\"elementor-shape elementor-shape-bottom\" aria-hidden=\"true\" data-negative=\"false\">\n\t\t\t<svg xmlns=\"http:\/\/www.w3.org\/2000\/svg\" viewBox=\"0 0 2600 131.1\" preserveAspectRatio=\"none\">\n\t<path class=\"elementor-shape-fill\" d=\"M0 0L2600 0 2600 69.1 0 0z\"\/>\n\t<path class=\"elementor-shape-fill\" style=\"opacity:0.5\" d=\"M0 0L2600 0 2600 69.1 0 69.1z\"\/>\n\t<path class=\"elementor-shape-fill\" style=\"opacity:0.25\" d=\"M2600 0L0 0 0 130.1 2600 69.1z\"\/>\n<\/svg>\t\t<\/div>\n\t\t<div class=\"elementor-element elementor-element-46a94e2 e-con-full e-flex e-con e-child\" data-id=\"46a94e2\" data-element_type=\"container\" data-e-type=\"container\">\n\t\t\t\t<div class=\"elementor-element elementor-element-3aa0d03 elementor-widget elementor-widget-image\" data-id=\"3aa0d03\" data-element_type=\"widget\" data-e-type=\"widget\" data-widget_type=\"image.default\">\n\t\t\t\t<div class=\"elementor-widget-container\">\n\t\t\t\t\t\t\t\t\t\t\t\t\t\t\t<img fetchpriority=\"high\" decoding=\"async\" width=\"750\" height=\"500\" src=\"https:\/\/www.bonhivers.com\/wp-content\/uploads\/2023\/12\/laure-bertrand-cabinet-bonhivers.jpg\" class=\"attachment-large size-large wp-image-1071\" alt=\"Cabinet Bonhivers :: Laure Bertrand :: Avocat\" srcset=\"https:\/\/www.bonhivers.com\/wp-content\/uploads\/2023\/12\/laure-bertrand-cabinet-bonhivers.jpg 750w, https:\/\/www.bonhivers.com\/wp-content\/uploads\/2023\/12\/laure-bertrand-cabinet-bonhivers-300x200.jpg 300w\" sizes=\"(max-width: 750px) 100vw, 750px\" title=\"\">\t\t\t\t\t\t\t\t\t\t\t\t\t\t\t<\/div>\n\t\t\t\t<\/div>\n\t\t\t\t<\/div>\n\t\t<div class=\"elementor-element elementor-element-42782e4 e-con-full e-flex e-con e-child\" data-id=\"42782e4\" data-element_type=\"container\" data-e-type=\"container\">\n\t\t\t\t<div class=\"elementor-element elementor-element-2d56ed2 elementor-widget elementor-widget-heading\" data-id=\"2d56ed2\" data-element_type=\"widget\" data-e-type=\"widget\" data-widget_type=\"heading.default\">\n\t\t\t\t<div class=\"elementor-widget-container\">\n\t\t\t\t\t<h2 class=\"elementor-heading-title elementor-size-default\">Avocate sp\u00e9cialis\u00e9e en droit des soci\u00e9t\u00e9s et droit immobilier.\n<\/h2>\t\t\t\t<\/div>\n\t\t\t\t<\/div>\n\t\t\t\t<div class=\"elementor-element elementor-element-248e9c9 elementor-widget elementor-widget-text-editor\" data-id=\"248e9c9\" data-element_type=\"widget\" data-e-type=\"widget\" data-widget_type=\"text-editor.default\">\n\t\t\t\t<div class=\"elementor-widget-container\">\n\t\t\t\t\t\t\t\t\t<p>Inscrite \u00e0 l\u2019Ordre francophone des avocats du Barreau de Bruxelles depuis 2015, elle a rejoint le cabinet la m\u00eame ann\u00e9e.\n\n<p>Elle se d\u00e9die avec <strong>rigueur et m\u00e9thode<\/strong> \u00e0 vos dossiers, avec un <strong>esprit d\u2019analyse particuli\u00e8rement affin\u00e9<\/strong> et pointu.\n\n<p>Elle traite principalement des dossiers en droit des soci\u00e9t\u00e9s, droit du travail et droit immobilier, mati\u00e8res qu\u2019elle appr\u00e9cie tout particuli\u00e8rement.\n\n<p>Sa pratique inclut entre autres la r\u00e9daction de conventions, la d\u00e9fense devant les Cours et Tribunaux et les <strong>modes alternatifs de r\u00e8glement des conflits<\/strong>.\n<ul>\n \t<li>Master en Droit, UCL. (2015).<\/li>\n<\/ul>\t\t\t\t\t\t\t\t<\/div>\n\t\t\t\t<\/div>\n\t\t\t\t<\/div>\n\t\t\t\t\t<\/div>\n\t\t\t\t<\/div>\n\t\t\t\t<\/div>\n\t\t","protected":false},"excerpt":{"rendered":"<p>Laure Bertrand bertrand@bonhivers.com \u2013 [FR-NL-EN] Avocate sp\u00e9cialis\u00e9e en droit des soci\u00e9t\u00e9s et droit immobilier. Inscrite \u00e0 l\u2019Ordre francophone des avocats du Barreau de Bruxelles depuis 2015, elle a rejoint le cabinet la m\u00eame ann\u00e9e. Elle se d\u00e9die avec rigueur et m\u00e9thode \u00e0 vos dossiers, avec un esprit d\u2019analyse particuli\u00e8rement affin\u00e9 et pointu. Elle traite principalement [&hellip;]<\/p>\n","protected":false},"author":1,"featured_media":0,"parent":22,"menu_order":0,"comment_status":"closed","ping_status":"closed","template":"","meta":{"_monsterinsights_skip_tracking":false,"_monsterinsights_sitenote_active":false,"_monsterinsights_sitenote_note":"","_monsterinsights_sitenote_category":0,"footnotes":""},"class_list":["post-30","page","type-page","status-publish","hentry"],"_links":{"self":[{"href":"https:\/\/www.bonhivers.com\/fr\/wp-json\/wp\/v2\/pages\/30","targetHints":{"allow":["GET"]}}],"collection":[{"href":"https:\/\/www.bonhivers.com\/fr\/wp-json\/wp\/v2\/pages"}],"about":[{"href":"https:\/\/www.bonhivers.com\/fr\/wp-json\/wp\/v2\/types\/page"}],"author":[{"embeddable":true,"href":"https:\/\/www.bonhivers.com\/fr\/wp-json\/wp\/v2\/users\/1"}],"replies":[{"embeddable":true,"href":"https:\/\/www.bonhivers.com\/fr\/wp-json\/wp\/v2\/comments?post=30"}],"version-history":[{"count":5,"href":"https:\/\/www.bonhivers.com\/fr\/wp-json\/wp\/v2\/pages\/30\/revisions"}],"predecessor-version":[{"id":3063,"href":"https:\/\/www.bonhivers.com\/fr\/wp-json\/wp\/v2\/pages\/30\/revisions\/3063"}],"up":[{"embeddable":true,"href":"https:\/\/www.bonhivers.com\/fr\/wp-json\/wp\/v2\/pages\/22"}],"wp:attachment":[{"href":"https:\/\/www.bonhivers.com\/fr\/wp-json\/wp\/v2\/media?parent=30"}],"curies":[{"name":"wp","href":"https:\/\/api.w.org\/{rel}","templated":true}]}}