{"id":1933,"date":"2023-11-13T18:53:49","date_gmt":"2023-11-13T17:53:49","guid":{"rendered":"https:\/\/www.bonhivers.com\/conditions-generales\/"},"modified":"2024-02-04T18:10:36","modified_gmt":"2024-02-04T17:10:36","slug":"algemene-voorwaarden","status":"publish","type":"page","link":"https:\/\/www.bonhivers.com\/nl\/algemene-voorwaarden\/","title":{"rendered":"Algemene voorwaarden"},"content":{"rendered":"\t\t<div data-elementor-type=\"wp-page\" data-elementor-id=\"1933\" class=\"elementor elementor-1933 elementor-13\" data-elementor-post-type=\"page\">\n\t\t\t\t<div class=\"elementor-element elementor-element-75390d4 e-flex e-con-boxed e-con e-parent\" data-id=\"75390d4\" data-element_type=\"container\" data-e-type=\"container\" data-settings=\"{&quot;background_background&quot;:&quot;slideshow&quot;,&quot;background_slideshow_gallery&quot;:[{&quot;id&quot;:1443,&quot;url&quot;:&quot;https:\\\/\\\/www.bonhivers.com\\\/wp-content\\\/uploads\\\/2023\\\/12\\\/bonhivers-tervueren.jpg&quot;}],&quot;background_slideshow_slide_duration&quot;:5000,&quot;background_slideshow_slide_transition&quot;:&quot;fade&quot;,&quot;background_slideshow_transition_duration&quot;:500}\">\n\t\t\t\t\t<div class=\"e-con-inner\">\n\t\t<div class=\"elementor-element elementor-element-cfd6fd0 e-con-full e-flex e-con e-child\" data-id=\"cfd6fd0\" data-element_type=\"container\" data-e-type=\"container\">\n\t\t\t\t<div class=\"elementor-element elementor-element-1376856 elementor-widget elementor-widget-spacer\" data-id=\"1376856\" data-element_type=\"widget\" data-e-type=\"widget\" data-widget_type=\"spacer.default\">\n\t\t\t\t<div class=\"elementor-widget-container\">\n\t\t\t\t\t\t\t<div class=\"elementor-spacer\">\n\t\t\t<div class=\"elementor-spacer-inner\"><\/div>\n\t\t<\/div>\n\t\t\t\t\t\t<\/div>\n\t\t\t\t<\/div>\n\t\t\t\t<\/div>\n\t\t\t\t\t<\/div>\n\t\t\t\t<\/div>\n\t\t<div class=\"elementor-element elementor-element-856f248 e-flex e-con-boxed e-con e-parent\" data-id=\"856f248\" data-element_type=\"container\" data-e-type=\"container\">\n\t\t\t\t\t<div class=\"e-con-inner\">\n\t\t<div class=\"elementor-element elementor-element-cb62719 e-flex e-con-boxed e-con e-child\" data-id=\"cb62719\" data-element_type=\"container\" data-e-type=\"container\">\n\t\t\t\t\t<div class=\"e-con-inner\">\n\t\t\t\t<div class=\"elementor-element elementor-element-9c391bd elementor-invisible elementor-widget elementor-widget-heading\" data-id=\"9c391bd\" data-element_type=\"widget\" data-e-type=\"widget\" data-settings=\"{&quot;_animation&quot;:&quot;fadeInLeft&quot;}\" data-widget_type=\"heading.default\">\n\t\t\t\t<div class=\"elementor-widget-container\">\n\t\t\t\t\t<h1 class=\"elementor-heading-title elementor-size-default\">Algemene voorwaarden<\/h1>\t\t\t\t<\/div>\n\t\t\t\t<\/div>\n\t\t\t\t<div class=\"elementor-element elementor-element-1f12b4f elementor-hidden-tablet elementor-hidden-mobile elementor-widget-divider--view-line elementor-invisible elementor-widget elementor-widget-divider\" data-id=\"1f12b4f\" data-element_type=\"widget\" data-e-type=\"widget\" data-settings=\"{&quot;_animation&quot;:&quot;zoomInRight&quot;}\" data-widget_type=\"divider.default\">\n\t\t\t\t<div class=\"elementor-widget-container\">\n\t\t\t\t\t\t\t<div class=\"elementor-divider\">\n\t\t\t<span class=\"elementor-divider-separator\">\n\t\t\t\t\t\t<\/span>\n\t\t<\/div>\n\t\t\t\t\t\t<\/div>\n\t\t\t\t<\/div>\n\t\t\t\t\t<\/div>\n\t\t\t\t<\/div>\n\t\t\t\t\t<\/div>\n\t\t\t\t<\/div>\n\t\t<div class=\"elementor-element elementor-element-50720a7 e-flex e-con-boxed e-con e-parent\" data-id=\"50720a7\" data-element_type=\"container\" data-e-type=\"container\">\n\t\t\t\t\t<div class=\"e-con-inner\">\n\t\t\t\t<div class=\"elementor-element elementor-element-e58bafb elementor-widget elementor-widget-text-editor\" data-id=\"e58bafb\" data-element_type=\"widget\" data-e-type=\"widget\" data-widget_type=\"text-editor.default\">\n\t\t\t\t<div class=\"elementor-widget-container\">\n\t\t\t\t\t\t\t\t\tHet advocatenkantoor <em>&#8216;BONHIVERS \u2013 Avocats \u2013 Advocaten \u2013 Lawyers&#8217;<\/em> is opgericht in de vorm van een maatschap (zonder rechtspersoonlijkheid), ingeschreven bij de KBO onder het nummer 0726.424.387, en met maatschappelijke zetel aan de Tervurenlaan 273 te 1150 Brussel (hierna <em>&#8216;kantoor Bonhivers&#8217;<\/em> genoemd). Zijn vennoten en zaakvoerders zijn de BV Bonhivers en de BV Cyrille Barette-avocat.\n\n<h3>1. Toepassing<\/h3>\n<p>Deze algemene voorwaarden zijn van toepassing op elke dienst geleverd door elke advocaat, vennoot, medewerker of stagiair van het kantoor BONHIVERS.\n<p>Eventuele tegenstrijdige algemene voorwaarden van de cli\u00ebnt kunnen alleen van toepassing zijn met het uitdrukkelijke, voorafgaande en schriftelijke akkoord van het kantoor BONHIVERS.\n<p>Behoudens publicatie of mededeling door het kantoor BONHIVERS, onder eender welke vorm, van een recentere versie zijn deze algemene voorwaarden van toepassing op de toekomstige relaties tussen de partijen. Elke aanvulling, wijziging of afwijking dient vooraf uitdrukkelijk en  schriftelijk aanvaard te worden door het kantoor BONHIVERS.\n<p>Alle opdrachten worden vermoed exclusief aanvaard en uitgevoerd te worden door het kantoor BONHIVERS, zelfs indien het uitdrukkelijke of stilzwijgende doel is dat de opdracht wordt uitgevoerd door een specifieke advocaat.\n\t\t\t\t\t\t\t\t<\/div>\n\t\t\t\t<\/div>\n\t\t\t\t<div class=\"elementor-element elementor-element-a284a57 elementor-widget-divider--view-line elementor-widget elementor-widget-divider\" data-id=\"a284a57\" data-element_type=\"widget\" data-e-type=\"widget\" data-widget_type=\"divider.default\">\n\t\t\t\t<div class=\"elementor-widget-container\">\n\t\t\t\t\t\t\t<div class=\"elementor-divider\">\n\t\t\t<span class=\"elementor-divider-separator\">\n\t\t\t\t\t\t<\/span>\n\t\t<\/div>\n\t\t\t\t\t\t<\/div>\n\t\t\t\t<\/div>\n\t\t\t\t<div class=\"elementor-element elementor-element-7b68e8a elementor-widget elementor-widget-text-editor\" data-id=\"7b68e8a\" data-element_type=\"widget\" data-e-type=\"widget\" data-widget_type=\"text-editor.default\">\n\t\t\t\t<div class=\"elementor-widget-container\">\n\t\t\t\t\t\t\t\t\t<h3>2. Beroepsgeheim en relatie met derden<\/h3>\n<h4>2.1. Beroepsgeheim<\/h4>\n<p>De advocaten zijn onderworpen aan het beroepsgeheim.\n<p>Alle briefwisseling, adviezen, procedurestukken, enz. overgemaakt door het kantoor BONHIVERS aan de cli\u00ebnt, zijn er ook aan onderworpen, op uitdrukkelijke voorwaarde dat de cli\u00ebnt de vertrouwelijkheid ervan respecteert, behoudens uitdrukkelijk, voorafgaand en schriftelijk akkoord van het kantoor BONHIVERS.\n\n<h4>2.2. Relatie met derden<\/h4>\n<p>De derden op wie het kantoor BONHIVERS beroep zal doen, zullen in de mate van het mogelijke gekozen worden in samenspraak met de cli\u00ebnt, en met de grootste zorg. Het kantoor BONHIVERS is niet aansprakelijk voor eventuele vergissingen of fouten begaan door deze derden.\n<p>De kosten en erelonen van deze derden zijn exclusief ten laste van de cli\u00ebnt.\n<p>De opdrachten worden exclusief uitgevoerd ten gunste van de cli\u00ebnt. De derden kunnen geen rechten putten uit de inhoud van de uitgevoerde werken.\n\t\t\t\t\t\t\t\t<\/div>\n\t\t\t\t<\/div>\n\t\t\t\t<div class=\"elementor-element elementor-element-c778042 elementor-widget-divider--view-line elementor-widget elementor-widget-divider\" data-id=\"c778042\" data-element_type=\"widget\" data-e-type=\"widget\" data-widget_type=\"divider.default\">\n\t\t\t\t<div class=\"elementor-widget-container\">\n\t\t\t\t\t\t\t<div class=\"elementor-divider\">\n\t\t\t<span class=\"elementor-divider-separator\">\n\t\t\t\t\t\t<\/span>\n\t\t<\/div>\n\t\t\t\t\t\t<\/div>\n\t\t\t\t<\/div>\n\t\t\t\t<div class=\"elementor-element elementor-element-6d8d513 elementor-widget elementor-widget-text-editor\" data-id=\"6d8d513\" data-element_type=\"widget\" data-e-type=\"widget\" data-widget_type=\"text-editor.default\">\n\t\t\t\t<div class=\"elementor-widget-container\">\n\t\t\t\t\t\t\t\t\t<h3>3. Intellectuele eigendom<\/h3>\nDe adviezen, opinies, geschriften, enz. uitgaande van het kantoor BONHIVERS zijn beschermd door de intellectuele eigendomsrechten en mogen enkel gebruikt of gereproduceerd worden met het uitdrukkelijke, voorafgaande en schriftelijke akkoord van het kantoor BONHIVERS. Ze zijn specifiek voor een cli\u00ebnt en voor een bepaalde omstandigheid en kunnen niet worden overgedragen naar andere omstandigheden of andere personen zonder een nieuwe analyse vanwege het kantoor BONHIVERS.\t\t\t\t\t\t\t\t<\/div>\n\t\t\t\t<\/div>\n\t\t\t\t<div class=\"elementor-element elementor-element-36c9b64 elementor-widget elementor-widget-spacer\" data-id=\"36c9b64\" data-element_type=\"widget\" data-e-type=\"widget\" data-widget_type=\"spacer.default\">\n\t\t\t\t<div class=\"elementor-widget-container\">\n\t\t\t\t\t\t\t<div class=\"elementor-spacer\">\n\t\t\t<div class=\"elementor-spacer-inner\"><\/div>\n\t\t<\/div>\n\t\t\t\t\t\t<\/div>\n\t\t\t\t<\/div>\n\t\t\t\t\t<\/div>\n\t\t\t\t<\/div>\n\t\t<div class=\"elementor-element elementor-element-970c465 e-flex e-con-boxed e-con e-parent\" data-id=\"970c465\" data-element_type=\"container\" data-e-type=\"container\" data-settings=\"{&quot;background_background&quot;:&quot;classic&quot;,&quot;shape_divider_top&quot;:&quot;opacity-tilt&quot;,&quot;shape_divider_bottom&quot;:&quot;opacity-tilt&quot;}\">\n\t\t\t\t\t<div class=\"e-con-inner\">\n\t\t\t\t<div class=\"elementor-shape elementor-shape-top\" aria-hidden=\"true\" data-negative=\"false\">\n\t\t\t<svg xmlns=\"http:\/\/www.w3.org\/2000\/svg\" viewBox=\"0 0 2600 131.1\" preserveAspectRatio=\"none\">\n\t<path class=\"elementor-shape-fill\" d=\"M0 0L2600 0 2600 69.1 0 0z\"\/>\n\t<path class=\"elementor-shape-fill\" style=\"opacity:0.5\" d=\"M0 0L2600 0 2600 69.1 0 69.1z\"\/>\n\t<path class=\"elementor-shape-fill\" style=\"opacity:0.25\" d=\"M2600 0L0 0 0 130.1 2600 69.1z\"\/>\n<\/svg>\t\t<\/div>\n\t\t\t\t<div class=\"elementor-shape elementor-shape-bottom\" aria-hidden=\"true\" data-negative=\"false\">\n\t\t\t<svg xmlns=\"http:\/\/www.w3.org\/2000\/svg\" viewBox=\"0 0 2600 131.1\" preserveAspectRatio=\"none\">\n\t<path class=\"elementor-shape-fill\" d=\"M0 0L2600 0 2600 69.1 0 0z\"\/>\n\t<path class=\"elementor-shape-fill\" style=\"opacity:0.5\" d=\"M0 0L2600 0 2600 69.1 0 69.1z\"\/>\n\t<path class=\"elementor-shape-fill\" style=\"opacity:0.25\" d=\"M2600 0L0 0 0 130.1 2600 69.1z\"\/>\n<\/svg>\t\t<\/div>\n\t\t\t\t<div class=\"elementor-element elementor-element-dc78158 elementor-widget elementor-widget-text-editor\" data-id=\"dc78158\" data-element_type=\"widget\" data-e-type=\"widget\" data-widget_type=\"text-editor.default\">\n\t\t\t\t<div class=\"elementor-widget-container\">\n\t\t\t\t\t\t\t\t\t<h3>4. Erelonen en kosten<\/h3>\n<h4>4.1. Erelonen<\/h4>\nBehoudens andersluidende overeenkomst worden de erelonen, verschuldigd door de cli\u00ebnt, berekend op basis van het aantal gepresteerde uren. Elk gepresteerd uur, van welke aard ook, wordt gefactureerd tegen het uurloon afgesproken tussen cli\u00ebnt en advocaat.\n<h4>4.2. Kosten<\/h4>\n<p>De erelonen kunnen vermeerderd worden met een forfaitaire vergoeding voor de kosten (die de administratieve kosten vertegenwoordigen zoals die van het secretariaat, de kopie\u00ebn, de telecommunicatie, de briefwisseling, enz.).\n<p>De andere kosten die specifiek zijn gemaakt in het kader van het dossier van de cli\u00ebnt (zoals de kosten van verplaatsing, de griffiekosten, de erelonen van derden op wie beroep werd gedaan, zoals deurwaarders, notarissen, vertalers, arbiters of experten), worden verhaald op de cli\u00ebnt tegen kostprijs of worden rechtstreeks ten laste genomen door de cli\u00ebnt.\n\n<h4>4.3. Belasting over de toegevoegde waarde<\/h4>\nDe advocaten zijn sinds 1 januari 2014 onderworpen aan de belasting over de toegevoegde waarde. De btw aan 21% vermeerdert automatisch het bedrag van de staten van erelonen en kosten.\n<h4>4.4. Verzoeken tot voorschotten en staten van erelonen<\/h4>\n<p>Het kantoor BONHIVERS behoudt zich het recht voor om de betaling van een voorschot te eisen voor de verwezenlijking van enige prestatie.\n<p>Op regelmatige tijdstippen kan een tussentijdse staat van erelonen en kosten, provisioneel of definitief, aan de cli\u00ebnt meegedeeld worden.\n\t\t\t\t\t\t\t\t<\/div>\n\t\t\t\t<\/div>\n\t\t\t\t<div class=\"elementor-element elementor-element-7957e27 elementor-widget-divider--view-line elementor-widget elementor-widget-divider\" data-id=\"7957e27\" data-element_type=\"widget\" data-e-type=\"widget\" data-widget_type=\"divider.default\">\n\t\t\t\t<div class=\"elementor-widget-container\">\n\t\t\t\t\t\t\t<div class=\"elementor-divider\">\n\t\t\t<span class=\"elementor-divider-separator\">\n\t\t\t\t\t\t<\/span>\n\t\t<\/div>\n\t\t\t\t\t\t<\/div>\n\t\t\t\t<\/div>\n\t\t\t\t<div class=\"elementor-element elementor-element-de50da7 elementor-widget elementor-widget-text-editor\" data-id=\"de50da7\" data-element_type=\"widget\" data-e-type=\"widget\" data-widget_type=\"text-editor.default\">\n\t\t\t\t<div class=\"elementor-widget-container\">\n\t\t\t\t\t\t\t\t\t<h3>5. Betaling van de facturen<\/h3>\n<p>Alle facturen van het kantoor BONHIVERS zijn contant en zonder korting betaalbaar, op de exploitatiezetel van het kantoor, gelegen te 1150 Brussel, Tervurenlaan 273, of op de aangeduide bankrekening.\n<p>De wet van 2 augustus 2002 betreffende de bestrijding van de betalingsachterstand bij handelstransacties is van toepassing voor elke prestatie van het kantoor BONHIVERS die valt onder de uitoefening van een economische of professionele zelfstandige activiteit van de cli\u00ebnt. Voor elke andere prestatie is de wettelijke intrestvoet van toepassing.\n<p>De betalings- of wisselkosten zijn ten laste van de cli\u00ebnt.\n<p>Elke betwisting betreffende een factuur dient gericht te worden aan het kantoor BONHIVERS, per aangetekende brief, binnen 8 dagen na de factuur. Bij gebreke hieraan zal deze onherroepelijk beschouwd worden als aanvaard.\n<p>Indien een van de facturen onbetaald blijft, behoudt het kantoor BONHIVERS zich het recht voor, mits een schriftelijke kennisgeving, om het werk in het dossier waarop de factuur betrekking heeft, te schorsen of te staken en, indien de situatie blijft duren ondanks een betalingsherinnering, een einde te stellen aan zijn tussenkomst.\t\t\t\t\t\t\t\t<\/div>\n\t\t\t\t<\/div>\n\t\t\t\t\t<\/div>\n\t\t\t\t<\/div>\n\t\t<div class=\"elementor-element elementor-element-afc308d e-flex e-con-boxed e-con e-parent\" data-id=\"afc308d\" data-element_type=\"container\" data-e-type=\"container\">\n\t\t\t\t\t<div class=\"e-con-inner\">\n\t\t\t\t<div class=\"elementor-element elementor-element-cdca87f elementor-widget elementor-widget-spacer\" data-id=\"cdca87f\" data-element_type=\"widget\" data-e-type=\"widget\" data-widget_type=\"spacer.default\">\n\t\t\t\t<div class=\"elementor-widget-container\">\n\t\t\t\t\t\t\t<div class=\"elementor-spacer\">\n\t\t\t<div class=\"elementor-spacer-inner\"><\/div>\n\t\t<\/div>\n\t\t\t\t\t\t<\/div>\n\t\t\t\t<\/div>\n\t\t\t\t<div class=\"elementor-element elementor-element-bf795b0 elementor-widget elementor-widget-text-editor\" data-id=\"bf795b0\" data-element_type=\"widget\" data-e-type=\"widget\" data-widget_type=\"text-editor.default\">\n\t\t\t\t<div class=\"elementor-widget-container\">\n\t\t\t\t\t\t\t\t\t<h3>6.\u00a0Inhouding van erelonen op fondsen van derden<\/h3>\n<p>Het kantoor BONHIVERS is gerechtigd om op de sommen die het ontvangt voor rekening van de cli\u00ebnt, elke som die aan het kantoor verschuldigd is ten titel van voorschot, erelonen, kosten en uitgaven in het betrokken dossier of elk ander dossier van de cli\u00ebnt waarmee het kantoor BONHIVERS belast is, in te houden.\n<p>Het kantoor BONHIVERS informeert de cli\u00ebnt onmiddellijk en schriftelijk van deze inhouding.\n<p>Behoudens schriftelijk, uitdrukkelijk en voorafgaand akkoord van de cli\u00ebnt zal het kantoor BONHIVERS niet overgaan tot inhouding op de ontvangen sommen voor rekening van de cli\u00ebnt, indien deze betrekking hebben op onderhoudsbijdragen of andere sommen die niet vatbaar zijn voor beslag.\n\t\t\t\t\t\t\t\t<\/div>\n\t\t\t\t<\/div>\n\t\t\t\t<div class=\"elementor-element elementor-element-2255ff7 elementor-widget-divider--view-line elementor-widget elementor-widget-divider\" data-id=\"2255ff7\" data-element_type=\"widget\" data-e-type=\"widget\" data-widget_type=\"divider.default\">\n\t\t\t\t<div class=\"elementor-widget-container\">\n\t\t\t\t\t\t\t<div class=\"elementor-divider\">\n\t\t\t<span class=\"elementor-divider-separator\">\n\t\t\t\t\t\t<\/span>\n\t\t<\/div>\n\t\t\t\t\t\t<\/div>\n\t\t\t\t<\/div>\n\t\t\t\t<div class=\"elementor-element elementor-element-dd3cad2 elementor-widget elementor-widget-text-editor\" data-id=\"dd3cad2\" data-element_type=\"widget\" data-e-type=\"widget\" data-widget_type=\"text-editor.default\">\n\t\t\t\t<div class=\"elementor-widget-container\">\n\t\t\t\t\t\t\t\t\t<h3>7. Aansprakelijkheid<\/h3>\n<p>De aansprakelijkheid van de advocaten die voor rekening van het kantoor BONHIVERS werken, wordt gedekt door verschillende verzekeringen voor een bedrag van 21.250.000 euro voor elk schadegeval en alle schade samen.\n<p>Behoudens andersluidende geschreven overeenkomst is de aansprakelijkheid, zowel contractueel als buitencontractueel van het kantoor BONHIVERS, evenals van alle advocaten, dienstverleners en leden van het personeel die desgevallend in de schoot van het kantoor of voor zijn rekening werken, voor alle materi\u00eble of immateri\u00eble schade (zoals meer bepaald morele schade, verlies van cli\u00ebnteel, van productie, van tijd, van gegevens, van handelsopportuniteiten\u2026) toegebracht aan de cli\u00ebnt, uitdrukkelijk beperkt tot het bedrag van de verzekeringsdekking waarover hij beschikt en onderworpen aan de tussenkomst van de verzekering.\n<p>Indien, om welke reden ook, geen enkele schadevergoeding wordt gestort uit hoofde van deze verzekering(en), is de aansprakelijkheid van het kantoor BONHIVERS, van zijn vennoten, advocaten, medewerkers, stagiairs en zijn personeel, behoudens andersluidende geschreven overeenkomst, beperkt tot het bedrag van de erelonen, gestort door de cli\u00ebnt voor de door het kantoor BONHIVERS geleverde diensten die aanleiding gegeven hebben tot de aansprakelijkheid.\n<p>De cli\u00ebnt waarborgt het kantoor BONHIVERS, de advocaten die desgevallend in de schoot van het kantoor of voor zijn rekening werken, tegen elke verhaal van derden dat zou worden ingesteld omwille van de uitvoering door het kantoor BONHIVERS van een opdracht voor rekening van de cli\u00ebnt, behalve in geval van een zware fout van het kantoor BONHIVERS.\n\t\t\t\t\t\t\t\t<\/div>\n\t\t\t\t<\/div>\n\t\t\t\t<div class=\"elementor-element elementor-element-d4625ca elementor-widget-divider--view-line elementor-widget elementor-widget-divider\" data-id=\"d4625ca\" data-element_type=\"widget\" data-e-type=\"widget\" data-widget_type=\"divider.default\">\n\t\t\t\t<div class=\"elementor-widget-container\">\n\t\t\t\t\t\t\t<div class=\"elementor-divider\">\n\t\t\t<span class=\"elementor-divider-separator\">\n\t\t\t\t\t\t<\/span>\n\t\t<\/div>\n\t\t\t\t\t\t<\/div>\n\t\t\t\t<\/div>\n\t\t\t\t<div class=\"elementor-element elementor-element-8de42b5 elementor-widget elementor-widget-text-editor\" data-id=\"8de42b5\" data-element_type=\"widget\" data-e-type=\"widget\" data-widget_type=\"text-editor.default\">\n\t\t\t\t<div class=\"elementor-widget-container\">\n\t\t\t\t\t\t\t\t\t<h3>8. Deelbaarheid van de bepalingen<\/h3>\nIndien een van de bepalingen of een deel van een van de bepalingen van deze algemene voorwaarden nietig of niet toepasselijk verklaard zou worden, blijven alle andere bepalingen van toepassing.\t\t\t\t\t\t\t\t<\/div>\n\t\t\t\t<\/div>\n\t\t\t\t<div class=\"elementor-element elementor-element-5407ca2 elementor-widget-divider--view-line elementor-widget elementor-widget-divider\" data-id=\"5407ca2\" data-element_type=\"widget\" data-e-type=\"widget\" data-widget_type=\"divider.default\">\n\t\t\t\t<div class=\"elementor-widget-container\">\n\t\t\t\t\t\t\t<div class=\"elementor-divider\">\n\t\t\t<span class=\"elementor-divider-separator\">\n\t\t\t\t\t\t<\/span>\n\t\t<\/div>\n\t\t\t\t\t\t<\/div>\n\t\t\t\t<\/div>\n\t\t\t\t<div class=\"elementor-element elementor-element-75c7f7c elementor-widget elementor-widget-text-editor\" data-id=\"75c7f7c\" data-element_type=\"widget\" data-e-type=\"widget\" data-widget_type=\"text-editor.default\">\n\t\t\t\t<div class=\"elementor-widget-container\">\n\t\t\t\t\t\t\t\t\t<h3>9. Toepasselijke wetgeving en bevoegdheid<\/h3>\nDe juridische relatie tussen het kantoor BONHIVERS et de cli\u00ebnt is onderworpen aan het Belgische recht. Elk geschil tussen het kantoor BONHIVERS en de cli\u00ebnt kan voorafgaandelijk worden voorgelegd aan de Stafhouder bij de Franstalige Orde van Advocaten bij de Balie te Brussel. Indien het onmogelijk is om bij de Stafhouder tot een oplossing te komen, zijn de Brusselse rechtbanken exclusief bevoegd in de Franse taal.\t\t\t\t\t\t\t\t<\/div>\n\t\t\t\t<\/div>\n\t\t\t\t<div class=\"elementor-element elementor-element-3b8b121 elementor-widget-divider--view-line elementor-widget elementor-widget-divider\" data-id=\"3b8b121\" data-element_type=\"widget\" data-e-type=\"widget\" data-widget_type=\"divider.default\">\n\t\t\t\t<div class=\"elementor-widget-container\">\n\t\t\t\t\t\t\t<div class=\"elementor-divider\">\n\t\t\t<span class=\"elementor-divider-separator\">\n\t\t\t\t\t\t<\/span>\n\t\t<\/div>\n\t\t\t\t\t\t<\/div>\n\t\t\t\t<\/div>\n\t\t\t\t\t<\/div>\n\t\t\t\t<\/div>\n\t\t\t\t<\/div>\n\t\t","protected":false},"excerpt":{"rendered":"<p>Algemene voorwaarden Het advocatenkantoor &#8216;BONHIVERS \u2013 Avocats \u2013 Advocaten \u2013 Lawyers&#8217; is opgericht in de vorm van een maatschap (zonder rechtspersoonlijkheid), ingeschreven bij de KBO onder het nummer 0726.424.387, en met maatschappelijke zetel aan de Tervurenlaan 273 te 1150 Brussel (hierna &#8216;kantoor Bonhivers&#8217; genoemd). Zijn vennoten en zaakvoerders zijn de BV Bonhivers en de BV [&hellip;]<\/p>\n","protected":false},"author":1,"featured_media":0,"parent":0,"menu_order":0,"comment_status":"closed","ping_status":"closed","template":"","meta":{"_monsterinsights_skip_tracking":false,"_monsterinsights_sitenote_active":false,"_monsterinsights_sitenote_note":"","_monsterinsights_sitenote_category":0,"footnotes":""},"class_list":["post-1933","page","type-page","status-publish","hentry"],"_links":{"self":[{"href":"https:\/\/www.bonhivers.com\/nl\/wp-json\/wp\/v2\/pages\/1933","targetHints":{"allow":["GET"]}}],"collection":[{"href":"https:\/\/www.bonhivers.com\/nl\/wp-json\/wp\/v2\/pages"}],"about":[{"href":"https:\/\/www.bonhivers.com\/nl\/wp-json\/wp\/v2\/types\/page"}],"author":[{"embeddable":true,"href":"https:\/\/www.bonhivers.com\/nl\/wp-json\/wp\/v2\/users\/1"}],"replies":[{"embeddable":true,"href":"https:\/\/www.bonhivers.com\/nl\/wp-json\/wp\/v2\/comments?post=1933"}],"version-history":[{"count":5,"href":"https:\/\/www.bonhivers.com\/nl\/wp-json\/wp\/v2\/pages\/1933\/revisions"}],"predecessor-version":[{"id":3045,"href":"https:\/\/www.bonhivers.com\/nl\/wp-json\/wp\/v2\/pages\/1933\/revisions\/3045"}],"wp:attachment":[{"href":"https:\/\/www.bonhivers.com\/nl\/wp-json\/wp\/v2\/media?parent=1933"}],"curies":[{"name":"wp","href":"https:\/\/api.w.org\/{rel}","templated":true}]}}